{"id":70,"date":"2025-09-09T11:08:24","date_gmt":"2025-09-09T09:08:24","guid":{"rendered":"https:\/\/upconsulting.com.pl\/?page_id=70"},"modified":"2025-09-24T21:49:56","modified_gmt":"2025-09-24T19:49:56","slug":"o-firmie","status":"publish","type":"page","link":"https:\/\/upconsulting.com.pl\/index.php\/o-firmie\/","title":{"rendered":"O firmie"},"content":{"rendered":"<p>[et_pb_section fb_built=&#8221;1&#8243; _builder_version=&#8221;4.25.2&#8243; _module_preset=&#8221;default&#8221; global_colors_info=&#8221;{}&#8221;][et_pb_row column_structure=&#8221;2_5,3_5&#8243; _builder_version=&#8221;4.25.2&#8243; _module_preset=&#8221;default&#8221; width=&#8221;100%&#8221; max_width=&#8221;1250px&#8221; global_colors_info=&#8221;{}&#8221;][et_pb_column type=&#8221;2_5&#8243; _builder_version=&#8221;4.25.2&#8243; _module_preset=&#8221;default&#8221; global_colors_info=&#8221;{}&#8221;][et_pb_text _builder_version=&#8221;4.25.2&#8243; _module_preset=&#8221;default&#8221; text_font_size=&#8221;20px&#8221; text_line_height=&#8221;1.8em&#8221; global_colors_info=&#8221;{}&#8221;]<\/p>\n<p>UP Consulting to miejsce, kt\u00f3re powsta\u0142o z potrzeby kreowania rozwi\u0105za\u0144. Bazujemy na wieloletnim do\u015bwiadczeniu, kt\u00f3re pomog\u0142o nam uzyska\u0107 odpowiedni\u0105 optyk\u0119 na \u015bwiadome stawianie biznesowych krok\u00f3w &#8211; nie &#8222;po omacku&#8221;, nie na &#8222;mo\u017ce si\u0119 uda&#8221;. Dzia\u0142amy z mi\u0142o\u015bci do danych i analiz &#8211; na ich podstawie budujemy sprawdzone rozwi\u0105zania.<\/p>\n<p>Zapraszamy do wsp\u00f3\u0142pracy!<\/p>\n<p>&nbsp;<\/p>\n<p>[\/et_pb_text][\/et_pb_column][et_pb_column type=&#8221;3_5&#8243; _builder_version=&#8221;4.25.2&#8243; _module_preset=&#8221;default&#8221; global_colors_info=&#8221;{}&#8221;][et_pb_image src=&#8221;https:\/\/upconsulting.com.pl\/wp-content\/uploads\/2025\/09\/Projekt-bez-nazwy-11.png&#8221; title_text=&#8221;Projekt bez nazwy (11)&#8221; _builder_version=&#8221;4.25.2&#8243; _module_preset=&#8221;default&#8221; module_alignment=&#8221;center&#8221; global_colors_info=&#8221;{}&#8221;][\/et_pb_image][\/et_pb_column][\/et_pb_row][\/et_pb_section]<\/p>\n","protected":false},"excerpt":{"rendered":"<p>UP Consulting to miejsce, kt\u00f3re powsta\u0142o z potrzeby kreowania rozwi\u0105za\u0144. Bazujemy na wieloletnim do\u015bwiadczeniu, kt\u00f3re pomog\u0142o nam uzyska\u0107 odpowiedni\u0105 optyk\u0119 na \u015bwiadome stawianie biznesowych krok\u00f3w &#8211; nie &#8222;po omacku&#8221;, nie na &#8222;mo\u017ce si\u0119 uda&#8221;. Dzia\u0142amy z mi\u0142o\u015bci do danych i analiz &#8211; na ich podstawie budujemy sprawdzone rozwi\u0105zania. Zapraszamy do wsp\u00f3\u0142pracy! &nbsp;<\/p>\n","protected":false},"author":1,"featured_media":0,"parent":0,"menu_order":0,"comment_status":"closed","ping_status":"closed","template":"","meta":{"_et_pb_use_builder":"on","_et_pb_old_content":"","_et_gb_content_width":"","footnotes":""},"class_list":["post-70","page","type-page","status-publish","hentry"],"_links":{"self":[{"href":"https:\/\/upconsulting.com.pl\/index.php\/wp-json\/wp\/v2\/pages\/70","targetHints":{"allow":["GET"]}}],"collection":[{"href":"https:\/\/upconsulting.com.pl\/index.php\/wp-json\/wp\/v2\/pages"}],"about":[{"href":"https:\/\/upconsulting.com.pl\/index.php\/wp-json\/wp\/v2\/types\/page"}],"author":[{"embeddable":true,"href":"https:\/\/upconsulting.com.pl\/index.php\/wp-json\/wp\/v2\/users\/1"}],"replies":[{"embeddable":true,"href":"https:\/\/upconsulting.com.pl\/index.php\/wp-json\/wp\/v2\/comments?post=70"}],"version-history":[{"count":6,"href":"https:\/\/upconsulting.com.pl\/index.php\/wp-json\/wp\/v2\/pages\/70\/revisions"}],"predecessor-version":[{"id":143,"href":"https:\/\/upconsulting.com.pl\/index.php\/wp-json\/wp\/v2\/pages\/70\/revisions\/143"}],"wp:attachment":[{"href":"https:\/\/upconsulting.com.pl\/index.php\/wp-json\/wp\/v2\/media?parent=70"}],"curies":[{"name":"wp","href":"https:\/\/api.w.org\/{rel}","templated":true}]}}