{"id":32,"date":"2025-08-19T22:21:20","date_gmt":"2025-08-19T20:21:20","guid":{"rendered":"https:\/\/upconsulting.com.pl\/?page_id=32"},"modified":"2025-09-24T21:47:41","modified_gmt":"2025-09-24T19:47:41","slug":"oferta","status":"publish","type":"page","link":"https:\/\/upconsulting.com.pl\/index.php\/oferta\/","title":{"rendered":"Oferta"},"content":{"rendered":"<p>[et_pb_section fb_built=&#8221;1&#8243; fullwidth=&#8221;on&#8221; _builder_version=&#8221;4.25.2&#8243; _module_preset=&#8221;default&#8221; global_colors_info=&#8221;{}&#8221;][et_pb_fullwidth_header title=&#8221;Co mo\u017cemy razem zrobi\u0107?&#8221; text_orientation=&#8221;center&#8221; header_scroll_down=&#8221;on&#8221; _builder_version=&#8221;4.25.2&#8243; _module_preset=&#8221;default&#8221; title_font_size=&#8221;53px&#8221; title_line_height=&#8221;1.1em&#8221; content_font_size=&#8221;18px&#8221; content_line_height=&#8221;2.1em&#8221; global_colors_info=&#8221;{}&#8221;]<\/p>\n<p>Zapraszamy do zapoznania si\u0119 z nasz\u0105 ofert\u0105.<\/p>\n<p>[\/et_pb_fullwidth_header][\/et_pb_section][et_pb_section fb_built=&#8221;1&#8243; _builder_version=&#8221;4.25.2&#8243; _module_preset=&#8221;default&#8221; global_colors_info=&#8221;{}&#8221;][et_pb_row column_structure=&#8221;1_3,1_3,1_3&#8243; make_equal=&#8221;on&#8221; _builder_version=&#8221;4.25.2&#8243; _module_preset=&#8221;default&#8221; module_alignment=&#8221;center&#8221; global_colors_info=&#8221;{}&#8221;][et_pb_column type=&#8221;1_3&#8243; _builder_version=&#8221;4.25.2&#8243; _module_preset=&#8221;default&#8221; global_colors_info=&#8221;{}&#8221;][et_pb_cta title=&#8221;Doradztwo&#8221; button_text=&#8221;Um\u00f3w si\u0119&#8221; _builder_version=&#8221;4.25.2&#8243; _module_preset=&#8221;default&#8221; header_line_height=&#8221;1.6em&#8221; custom_button=&#8221;on&#8221; button_text_color=&#8221;#FFFFFF&#8221; button_use_icon=&#8221;off&#8221; button_alignment=&#8221;center&#8221; box_shadow_style_button=&#8221;preset5&#8243; global_colors_info=&#8221;{}&#8221;]<\/p>\n<div class=\"gwp84db8028_empty_line\">Skorzystaj z konsultacji \u2013 na start masz DARMOWE 45 minut na spotkanie online \u2013 poznamy si\u0119 i wst\u0119pnie zbadamy, w czym problem.<\/div>\n<div class=\"gwp84db8028_empty_line\">Szanujemy Tw\u00f3j czas! Przed spotkaniem wy\u015blemy do Ciebie ankiet\u0119, gdzie wska\u017cesz kluczowe zagadnienia do om\u00f3wienia.<\/div>\n<div><\/div>\n<div>Zam\u00f3w kolejne konsultacje od 100 z\u0142\/h i kontroluj sw\u00f3j biznes <img decoding=\"async\" src=\"https:\/\/upconsulting.com.pl\/wp-content\/themes\/Divi\/includes\/builder\/frontend-builder\/assets\/vendors\/plugins\/emoticons\/img\/smiley-cool.gif\" alt=\"cool\" \/><\/div>\n<div>Mo\u017cemy um\u00f3wi\u0107 si\u0119 r\u00f3wnie\u017c na stawki dzienne lub projektowe.<\/div>\n<div><\/div>\n<p>[\/et_pb_cta][et_pb_button button_url=&#8221;https:\/\/upconsulting.com.pl\/index.php\/kontakt\/&#8221; button_text=&#8221;Um\u00f3w si\u0119&#8221; button_alignment=&#8221;center&#8221; _builder_version=&#8221;4.25.2&#8243; _module_preset=&#8221;default&#8221; custom_button=&#8221;on&#8221; button_use_icon=&#8221;off&#8221; box_shadow_style=&#8221;preset1&#8243; global_colors_info=&#8221;{}&#8221;][\/et_pb_button][\/et_pb_column][et_pb_column type=&#8221;1_3&#8243; _builder_version=&#8221;4.25.2&#8243; _module_preset=&#8221;default&#8221; global_colors_info=&#8221;{}&#8221;][et_pb_cta title=&#8221;Analizy&#8221; button_text=&#8221;Klikni\u0119cia&#8221; _builder_version=&#8221;4.25.2&#8243; _module_preset=&#8221;default&#8221; header_line_height=&#8221;1.6em&#8221; hover_enabled=&#8221;0&#8243; global_colors_info=&#8221;{}&#8221; height=&#8221;457px&#8221; sticky_enabled=&#8221;0&#8243;]<\/p>\n<p><span>Potrzebujesz raport\u00f3w cyklicznych lub analiz &#8222;ad hoc&#8221;? Skorzystaj z opcji <\/span><\/p>\n<p style=\"text-align: center;\"><span>&#8222;Analityk na faktur\u0119&#8221;!<\/span><\/p>\n<p><span>Uporz\u0105dkujemy dane i wyci\u0105gniemy wnioski dla Twojego biznesu.\u00a0<\/span><\/p>\n<p><span><\/span><\/p>\n<p><span><\/span><\/p>\n<p><span><\/span><\/p>\n<p><span><\/span><\/p>\n<p><span><\/span><\/p>\n<p><span><\/span><\/p>\n<p><span><\/span><\/p>\n<p><span><\/span><\/p>\n<p>[\/et_pb_cta][et_pb_button button_text=&#8221;Analityk na faktur\u0119&#8221; button_alignment=&#8221;center&#8221; _builder_version=&#8221;4.25.2&#8243; _module_preset=&#8221;default&#8221; box_shadow_style=&#8221;preset1&#8243; global_colors_info=&#8221;{}&#8221;][\/et_pb_button][\/et_pb_column][et_pb_column type=&#8221;1_3&#8243; _builder_version=&#8221;4.25.2&#8243; _module_preset=&#8221;default&#8221; global_colors_info=&#8221;{}&#8221;][et_pb_cta title=&#8221;Szkolenia&#8221; button_text=&#8221;Klikni\u0119cia&#8221; _builder_version=&#8221;4.25.2&#8243; _module_preset=&#8221;default&#8221; header_line_height=&#8221;1.7em&#8221; hover_enabled=&#8221;0&#8243; global_colors_info=&#8221;{}&#8221; min_height=&#8221;339.9px&#8221; sticky_enabled=&#8221;0&#8243; height=&#8221;457px&#8221;]<\/p>\n<ul>\n<li style=\"text-align: left;\">Zarz\u0105dzanie procesami organizacji<\/li>\n<li style=\"text-align: left;\">Szkolenia dla mened\u017cer\u00f3w<\/li>\n<li style=\"text-align: left;\">Budowanie zespo\u0142u<\/li>\n<li style=\"text-align: left;\">Negocjacje biznesowe<\/li>\n<\/ul>\n<p>&nbsp;<\/p>\n<p>&nbsp;<\/p>\n<p>&nbsp;<\/p>\n<div class=\"gwpe4db4666_empty_line\">Potrzebujesz innego szkolenia? Skontaktuj si\u0119 i sprawd\u017a, jak mo\u017cemy Ci pom\u00f3c!<\/div>\n<p>[\/et_pb_cta][et_pb_button button_text=&#8221;Dowiedz si\u0119 wi\u0119cej&#8221; button_alignment=&#8221;center&#8221; _builder_version=&#8221;4.25.2&#8243; _module_preset=&#8221;default&#8221; box_shadow_style=&#8221;preset1&#8243; global_colors_info=&#8221;{}&#8221;][\/et_pb_button][\/et_pb_column][\/et_pb_row][\/et_pb_section][et_pb_section fb_built=&#8221;1&#8243; _builder_version=&#8221;4.25.2&#8243; _module_preset=&#8221;default&#8221; global_colors_info=&#8221;{}&#8221;][et_pb_row _builder_version=&#8221;4.25.2&#8243; _module_preset=&#8221;default&#8221; global_colors_info=&#8221;{}&#8221;][et_pb_column type=&#8221;4_4&#8243; _builder_version=&#8221;4.25.2&#8243; _module_preset=&#8221;default&#8221; global_colors_info=&#8221;{}&#8221;][et_pb_heading title=&#8221;Nie znalaz\u0142e\u015b poszukiwanej us\u0142ugi? Skontaktuj si\u0119 z nami!&#8221; _builder_version=&#8221;4.25.2&#8243; _module_preset=&#8221;default&#8221; title_text_align=&#8221;center&#8221; title_font_size=&#8221;37px&#8221; animation_style=&#8221;fold&#8221; animation_duration=&#8221;1450ms&#8221; text_shadow_style=&#8221;preset3&#8243; text_shadow_horizontal_length=&#8221;0.03em&#8221; text_shadow_blur_strength=&#8221;0.34em&#8221; global_colors_info=&#8221;{}&#8221;][\/et_pb_heading][\/et_pb_column][\/et_pb_row][et_pb_row _builder_version=&#8221;4.25.2&#8243; _module_preset=&#8221;default&#8221; global_colors_info=&#8221;{}&#8221;][et_pb_column type=&#8221;4_4&#8243; _builder_version=&#8221;4.25.2&#8243; _module_preset=&#8221;default&#8221; global_colors_info=&#8221;{}&#8221;][et_pb_text _builder_version=&#8221;4.25.2&#8243; _module_preset=&#8221;default&#8221; text_font=&#8221;Montserrat||||||||&#8221; text_font_size=&#8221;28px&#8221; text_line_height=&#8221;1.2em&#8221; global_colors_info=&#8221;{}&#8221;]<\/p>\n<p>Nasz\u0105 supermoc\u0105 jest elastyczno\u015b\u0107 &#8211; wsp\u00f3lnie mo\u017cemy zdzia\u0142a\u0107 wi\u0119cej. Je\u017celi nasza oferta nie do ko\u0144ca wsp\u00f3\u0142gra z Twoimi potrzebami, napisz do nas, zadzwo\u0144 &#8211; z pewno\u015bci\u0105 znajdziemy satysfakcjonuj\u0105ce rozwi\u0105zanie!<\/p>\n<p>[\/et_pb_text][\/et_pb_column][\/et_pb_row][et_pb_row _builder_version=&#8221;4.25.2&#8243; _module_preset=&#8221;default&#8221; global_colors_info=&#8221;{}&#8221;][et_pb_column type=&#8221;4_4&#8243; _builder_version=&#8221;4.25.2&#8243; _module_preset=&#8221;default&#8221; global_colors_info=&#8221;{}&#8221;][et_pb_button button_text=&#8221;Kontakt&#8221; button_alignment=&#8221;center&#8221; _builder_version=&#8221;4.25.2&#8243; _module_preset=&#8221;default&#8221; global_colors_info=&#8221;{}&#8221;][\/et_pb_button][\/et_pb_column][\/et_pb_row][et_pb_row _builder_version=&#8221;4.25.2&#8243; _module_preset=&#8221;default&#8221; global_colors_info=&#8221;{}&#8221;][et_pb_column type=&#8221;4_4&#8243; _builder_version=&#8221;4.25.2&#8243; _module_preset=&#8221;default&#8221; global_colors_info=&#8221;{}&#8221;][et_pb_image src=&#8221;https:\/\/upconsulting.com.pl\/wp-content\/uploads\/2025\/08\/Projekt-bez-nazwy-9.png&#8221; title_text=&#8221;Projekt bez nazwy (9)&#8221; align=&#8221;center&#8221; _builder_version=&#8221;4.25.2&#8243; _module_preset=&#8221;default&#8221; global_colors_info=&#8221;{}&#8221;][\/et_pb_image][\/et_pb_column][\/et_pb_row][\/et_pb_section]<\/p>\n","protected":false},"excerpt":{"rendered":"<p>Zapraszamy do zapoznania si\u0119 z nasz\u0105 ofert\u0105.Skorzystaj z konsultacji \u2013 na start masz DARMOWE 45 minut na spotkanie online \u2013 poznamy si\u0119 i wst\u0119pnie zbadamy, w czym problem. Szanujemy Tw\u00f3j czas! Przed spotkaniem wy\u015blemy do Ciebie ankiet\u0119, gdzie wska\u017cesz kluczowe zagadnienia do om\u00f3wienia. Zam\u00f3w kolejne konsultacje od 100 z\u0142\/h i kontroluj sw\u00f3j biznes Mo\u017cemy um\u00f3wi\u0107 [&hellip;]<\/p>\n","protected":false},"author":1,"featured_media":0,"parent":0,"menu_order":0,"comment_status":"closed","ping_status":"closed","template":"","meta":{"_et_pb_use_builder":"on","_et_pb_old_content":"","_et_gb_content_width":"","footnotes":""},"class_list":["post-32","page","type-page","status-publish","hentry"],"_links":{"self":[{"href":"https:\/\/upconsulting.com.pl\/index.php\/wp-json\/wp\/v2\/pages\/32","targetHints":{"allow":["GET"]}}],"collection":[{"href":"https:\/\/upconsulting.com.pl\/index.php\/wp-json\/wp\/v2\/pages"}],"about":[{"href":"https:\/\/upconsulting.com.pl\/index.php\/wp-json\/wp\/v2\/types\/page"}],"author":[{"embeddable":true,"href":"https:\/\/upconsulting.com.pl\/index.php\/wp-json\/wp\/v2\/users\/1"}],"replies":[{"embeddable":true,"href":"https:\/\/upconsulting.com.pl\/index.php\/wp-json\/wp\/v2\/comments?post=32"}],"version-history":[{"count":12,"href":"https:\/\/upconsulting.com.pl\/index.php\/wp-json\/wp\/v2\/pages\/32\/revisions"}],"predecessor-version":[{"id":139,"href":"https:\/\/upconsulting.com.pl\/index.php\/wp-json\/wp\/v2\/pages\/32\/revisions\/139"}],"wp:attachment":[{"href":"https:\/\/upconsulting.com.pl\/index.php\/wp-json\/wp\/v2\/media?parent=32"}],"curies":[{"name":"wp","href":"https:\/\/api.w.org\/{rel}","templated":true}]}}