{"id":20,"date":"2025-08-19T21:55:36","date_gmt":"2025-08-19T19:55:36","guid":{"rendered":"https:\/\/upconsulting.com.pl\/?page_id=20"},"modified":"2025-09-30T11:44:20","modified_gmt":"2025-09-30T09:44:20","slug":"strona-glowna","status":"publish","type":"page","link":"https:\/\/upconsulting.com.pl\/","title":{"rendered":"Strona g\u0142\u00f3wna"},"content":{"rendered":"<p>[et_pb_section fb_built=&#8221;1&#8243; fullwidth=&#8221;on&#8221; _builder_version=&#8221;4.25.2&#8243; _module_preset=&#8221;default&#8221; global_colors_info=&#8221;{}&#8221;][et_pb_fullwidth_image src=&#8221;https:\/\/upconsulting.com.pl\/wp-content\/uploads\/2025\/09\/Lepiej-Szybciej-Wiecej-Nie.png&#8221; title_text=&#8221;Lepiej Szybciej Wi\u0119cej Nie.&#8221; _builder_version=&#8221;4.25.2&#8243; _module_preset=&#8221;default&#8221; global_colors_info=&#8221;{}&#8221;][\/et_pb_fullwidth_image][\/et_pb_section][et_pb_section fb_built=&#8221;1&#8243; _builder_version=&#8221;4.25.2&#8243; _module_preset=&#8221;default&#8221; min_height=&#8221;1004px&#8221; global_colors_info=&#8221;{}&#8221;][et_pb_row column_structure=&#8221;2_5,3_5&#8243; _builder_version=&#8221;4.25.2&#8243; _module_preset=&#8221;default&#8221; width=&#8221;100%&#8221; max_width=&#8221;2560px&#8221; global_colors_info=&#8221;{}&#8221;][et_pb_column type=&#8221;2_5&#8243; _builder_version=&#8221;4.25.2&#8243; _module_preset=&#8221;default&#8221; global_colors_info=&#8221;{}&#8221;][et_pb_image _builder_version=&#8221;4.25.2&#8243; _module_preset=&#8221;default&#8221; global_colors_info=&#8221;{}&#8221;][\/et_pb_image][et_pb_image src=&#8221;https:\/\/upconsulting.com.pl\/wp-content\/uploads\/2025\/08\/job-5382501_1280-1.jpg&#8221; title_text=&#8221;job-5382501_1280 (1)&#8221; _builder_version=&#8221;4.25.2&#8243; _module_preset=&#8221;default&#8221; box_shadow_style=&#8221;preset6&#8243; box_shadow_horizontal=&#8221;-33px&#8221; global_colors_info=&#8221;{}&#8221;][\/et_pb_image][\/et_pb_column][et_pb_column type=&#8221;3_5&#8243; _builder_version=&#8221;4.25.2&#8243; _module_preset=&#8221;default&#8221; global_colors_info=&#8221;{}&#8221;][et_pb_text _builder_version=&#8221;4.25.2&#8243; _module_preset=&#8221;default&#8221; text_font=&#8221;Montserrat||||||||&#8221; text_text_color=&#8221;#000000&#8243; text_font_size=&#8221;40px&#8221; text_line_height=&#8221;1.5em&#8221; header_font=&#8221;Montserrat||||||||&#8221; global_colors_info=&#8221;{}&#8221;]<\/p>\n<p>Rozwi\u0105zania szyte na miar\u0119 Twojego biznesu<\/p>\n<p>[\/et_pb_text][et_pb_text _builder_version=&#8221;4.25.2&#8243; _module_preset=&#8221;default&#8221; text_font=&#8221;Montserrat||||||||&#8221; text_text_color=&#8221;#000000&#8243; text_font_size=&#8221;20px&#8221; text_letter_spacing=&#8221;1px&#8221; global_colors_info=&#8221;{}&#8221;]<\/p>\n<p>Zyskaj wi\u0119cej w swoim biznesie &#8211; pozw\u00f3l nam przyjrze\u0107 si\u0119, przeanalizowa\u0107 i <strong>znale\u017a\u0107 zasoby<\/strong> tam, gdzie inni ich nie dostrzegaj\u0105. Nasz\u0105 moc\u0105 jest elastyczno\u015b\u0107 &#8211; stworzymy rozwi\u0105zania, nie u\u017cyjemy gotowych.<\/p>\n<p>Potrzebujesz <strong>analizy<\/strong>? Nie umknie nam najdrobniejszy szczeg\u00f3\u0142.<\/p>\n<p>Nie wiesz, w kt\u00f3rym kierunku i\u015b\u0107 dalej? Skorzystaj z us\u0142ugi <strong>doradztwa<\/strong>.<\/p>\n<p>Potrzebujesz <strong>przeszkoli\u0107<\/strong> pracownik\u00f3w? Program szkolenia b\u0119dzie dopasowany do Waszych potrzeb. Dzia\u0142amy <strong>online<\/strong> lub <strong>stacjonarnie<\/strong> &#8211; skontaktuj si\u0119 z nami, aby pozna\u0107 szczeg\u00f3\u0142y.<\/p>\n<p>Nie jeste\u015b pewien, czego potrzebujesz, ale wiesz, \u017ce mo\u017cesz &#8222;wycisn\u0105\u0107&#8221; ze swojego biznesu wi\u0119cej? Opowiedz nam o tym, a my b\u0119dziemy dzia\u0142a\u0107.<\/p>\n<p>[\/et_pb_text][\/et_pb_column][\/et_pb_row][et_pb_row _builder_version=&#8221;4.25.2&#8243; _module_preset=&#8221;default&#8221; global_colors_info=&#8221;{}&#8221;][et_pb_column type=&#8221;4_4&#8243; _builder_version=&#8221;4.25.2&#8243; _module_preset=&#8221;default&#8221; global_colors_info=&#8221;{}&#8221;][et_pb_button url_new_window=&#8221;on&#8221; button_text=&#8221;Dowiedz si\u0119 wi\u0119cej&#8221; button_alignment=&#8221;center&#8221; _builder_version=&#8221;4.25.2&#8243; _module_preset=&#8221;default&#8221; custom_button=&#8221;on&#8221; button_text_color=&#8221;#FFFFFF&#8221; button_bg_color=&#8221;#8da9c4&#8243; button_border_color=&#8221;#8da9c4&#8243; button_font=&#8221;Montserrat||||||||&#8221; button_use_icon=&#8221;off&#8221; background_layout=&#8221;dark&#8221; animation_style=&#8221;slide&#8221; box_shadow_style=&#8221;preset1&#8243; box_shadow_blur=&#8221;10px&#8221; global_colors_info=&#8221;{}&#8221;][\/et_pb_button][\/et_pb_column][\/et_pb_row][\/et_pb_section][et_pb_section fb_built=&#8221;1&#8243; fullwidth=&#8221;on&#8221; _builder_version=&#8221;4.25.2&#8243; _module_preset=&#8221;default&#8221; global_colors_info=&#8221;{}&#8221;][et_pb_fullwidth_header title=&#8221;Jakie s\u0105 korzy\u015bci ze wsp\u00f3\u0142pracy z nami?&#8221; button_one_text=&#8221;       Sprawd\u017a korzy\u015bci&#8221; _builder_version=&#8221;4.25.2&#8243; _module_preset=&#8221;default&#8221; title_font_size=&#8221;37px&#8221; title_line_height=&#8221;1.4em&#8221; content_font_size=&#8221;16px&#8221; content_line_height=&#8221;1.8em&#8221; custom_button_one=&#8221;on&#8221; button_one_icon=&#8221;&#x3f;||divi||400&#8243; button_one_on_hover=&#8221;off&#8221; global_colors_info=&#8221;{}&#8221;]<\/p>\n<p>Wsp\u00f3\u0142praca z biurem consultingowym to wi\u0119cej ni\u017c wskazanie, gdzie mo\u017cesz zaoszcz\u0119dzi\u0107. To realne wsparcie, wsp\u00f3lna podr\u00f3\u017c, jeden cel &#8211; aby Tw\u00f3j biznes r\u00f3s\u0142 i przynosi\u0142 Ci coraz wi\u0119cej satysfakcji i mo\u017cliwo\u015bci rozwoju.<\/p>\n<p>[\/et_pb_fullwidth_header][\/et_pb_section][et_pb_section fb_built=&#8221;1&#8243; _builder_version=&#8221;4.25.2&#8243; _module_preset=&#8221;default&#8221; global_colors_info=&#8221;{}&#8221;][et_pb_row column_structure=&#8221;1_5,1_5,1_5,1_5,1_5&#8243; use_custom_gutter=&#8221;on&#8221; make_equal=&#8221;on&#8221; _builder_version=&#8221;4.25.2&#8243; _module_preset=&#8221;default&#8221; width=&#8221;100%&#8221; max_width=&#8221;1299px&#8221; module_alignment=&#8221;center&#8221; custom_margin=&#8221;|224px||auto||&#8221; custom_padding=&#8221;|||0px||&#8221; global_colors_info=&#8221;{}&#8221;][et_pb_column type=&#8221;1_5&#8243; _builder_version=&#8221;4.25.2&#8243; _module_preset=&#8221;default&#8221; global_colors_info=&#8221;{}&#8221;][et_pb_icon font_icon=&#8221;&#x3e;||divi||400&#8243; _builder_version=&#8221;4.25.2&#8243; _module_preset=&#8221;default&#8221; global_colors_info=&#8221;{}&#8221;][\/et_pb_icon][\/et_pb_column][et_pb_column type=&#8221;1_5&#8243; _builder_version=&#8221;4.25.2&#8243; _module_preset=&#8221;default&#8221; global_colors_info=&#8221;{}&#8221;][et_pb_icon font_icon=&#8221;&#x5a;||divi||400&#8243; _builder_version=&#8221;4.25.2&#8243; _module_preset=&#8221;default&#8221; global_colors_info=&#8221;{}&#8221;][\/et_pb_icon][\/et_pb_column][et_pb_column type=&#8221;1_5&#8243; _builder_version=&#8221;4.25.2&#8243; _module_preset=&#8221;default&#8221; global_colors_info=&#8221;{}&#8221;][et_pb_icon font_icon=&#8221;&#xf7d9;||fa||900&#8243; _builder_version=&#8221;4.25.2&#8243; _module_preset=&#8221;default&#8221; global_colors_info=&#8221;{}&#8221;][\/et_pb_icon][\/et_pb_column][et_pb_column type=&#8221;1_5&#8243; _builder_version=&#8221;4.25.2&#8243; _module_preset=&#8221;default&#8221; global_colors_info=&#8221;{}&#8221;][et_pb_icon font_icon=&#8221;&#x77;||divi||400&#8243; _builder_version=&#8221;4.25.2&#8243; _module_preset=&#8221;default&#8221; global_colors_info=&#8221;{}&#8221;][\/et_pb_icon][\/et_pb_column][et_pb_column type=&#8221;1_5&#8243; _builder_version=&#8221;4.25.2&#8243; _module_preset=&#8221;default&#8221; global_colors_info=&#8221;{}&#8221;][et_pb_icon font_icon=&#8221;&#xe0ed;||divi||400&#8243; _builder_version=&#8221;4.25.2&#8243; _module_preset=&#8221;default&#8221; global_colors_info=&#8221;{}&#8221;][\/et_pb_icon][\/et_pb_column][\/et_pb_row][et_pb_row column_structure=&#8221;1_5,1_5,1_5,1_5,1_5&#8243; use_custom_gutter=&#8221;on&#8221; gutter_width=&#8221;2&#8243; make_equal=&#8221;on&#8221; _builder_version=&#8221;4.25.2&#8243; _module_preset=&#8221;default&#8221; width=&#8221;87.7%&#8221; max_width=&#8221;1619px&#8221; global_colors_info=&#8221;{}&#8221;][et_pb_column type=&#8221;1_5&#8243; _builder_version=&#8221;4.25.2&#8243; _module_preset=&#8221;default&#8221; global_colors_info=&#8221;{}&#8221;][et_pb_cta title=&#8221;Wzrost &#8221; button_text=&#8221;Klikni\u0119cia&#8221; _builder_version=&#8221;4.25.2&#8243; _module_preset=&#8221;default&#8221; background_color=&#8221;#2e5077&#8243; global_colors_info=&#8221;{}&#8221;]<\/p>\n<p>rentowno\u015bci Twojego biznesu<\/p>\n<p>[\/et_pb_cta][\/et_pb_column][et_pb_column type=&#8221;1_5&#8243; _builder_version=&#8221;4.25.2&#8243; _module_preset=&#8221;default&#8221; global_colors_info=&#8221;{}&#8221;][et_pb_cta title=&#8221;Lepsza&#8221; button_text=&#8221;Klikni\u0119cia&#8221; _builder_version=&#8221;4.25.2&#8243; _module_preset=&#8221;default&#8221; background_color=&#8221;#2e5077&#8243; min_height=&#8221;180.8px&#8221; custom_padding=&#8221;||25px|||&#8221; global_colors_info=&#8221;{}&#8221;]<\/p>\n<p>efektywno\u015b\u0107 dzia\u0142a\u0144<\/p>\n<p>[\/et_pb_cta][\/et_pb_column][et_pb_column type=&#8221;1_5&#8243; _builder_version=&#8221;4.25.2&#8243; _module_preset=&#8221;default&#8221; global_colors_info=&#8221;{}&#8221;][et_pb_cta title=&#8221;Naprawa&#8221; button_text=&#8221;Klikni\u0119cia&#8221; _builder_version=&#8221;4.25.2&#8243; _module_preset=&#8221;default&#8221; background_color=&#8221;#2e5077&#8243; custom_margin=&#8221;||-73px|||&#8221; global_colors_info=&#8221;{}&#8221;]<\/p>\n<p>proces\u00f3w oraz ich optymalizacja<\/p>\n<p>[\/et_pb_cta][\/et_pb_column][et_pb_column type=&#8221;1_5&#8243; _builder_version=&#8221;4.25.2&#8243; _module_preset=&#8221;default&#8221; global_colors_info=&#8221;{}&#8221;][et_pb_cta title=&#8221;Poprawa&#8221; button_text=&#8221;Klikni\u0119cia&#8221; _builder_version=&#8221;4.25.2&#8243; _module_preset=&#8221;default&#8221; background_color=&#8221;#2e5077&#8243; global_colors_info=&#8221;{}&#8221;]<\/p>\n<p>komunikacji wewn\u0105trz firmy<\/p>\n<p>[\/et_pb_cta][\/et_pb_column][et_pb_column type=&#8221;1_5&#8243; _builder_version=&#8221;4.25.2&#8243; _module_preset=&#8221;default&#8221; global_colors_info=&#8221;{}&#8221;][et_pb_cta title=&#8221;Oszcz\u0119dno\u015b\u0107&#8221; button_text=&#8221;Klikni\u0119cia&#8221; _builder_version=&#8221;4.25.2&#8243; _module_preset=&#8221;default&#8221; background_color=&#8221;#2e5077&#8243; module_alignment=&#8221;center&#8221; global_colors_info=&#8221;{}&#8221;]<\/p>\n<p>czasu, \u015brodk\u00f3w oraz innych zasob\u00f3w<\/p>\n<p>[\/et_pb_cta][\/et_pb_column][\/et_pb_row][\/et_pb_section][et_pb_section fb_built=&#8221;1&#8243; _builder_version=&#8221;4.25.2&#8243; _module_preset=&#8221;default&#8221; global_colors_info=&#8221;{}&#8221;][et_pb_row _builder_version=&#8221;4.25.2&#8243; _module_preset=&#8221;default&#8221; global_colors_info=&#8221;{}&#8221;][et_pb_column type=&#8221;4_4&#8243; _builder_version=&#8221;4.25.2&#8243; _module_preset=&#8221;default&#8221; global_colors_info=&#8221;{}&#8221;][et_pb_heading title=&#8221;Co nowego w biznesie? Sprawd\u017a biznesowe newsy!&#8221; _builder_version=&#8221;4.25.2&#8243; _module_preset=&#8221;default&#8221; title_text_align=&#8221;center&#8221; title_text_shadow_style=&#8221;preset3&#8243; title_text_shadow_blur_strength=&#8221;0.33em&#8221; global_colors_info=&#8221;{}&#8221;][\/et_pb_heading][\/et_pb_column][\/et_pb_row][et_pb_row _builder_version=&#8221;4.25.2&#8243; _module_preset=&#8221;default&#8221; global_colors_info=&#8221;{}&#8221;][et_pb_column type=&#8221;4_4&#8243; _builder_version=&#8221;4.25.2&#8243; _module_preset=&#8221;default&#8221; global_colors_info=&#8221;{}&#8221;][et_pb_post_slider posts_number=&#8221;3&#8243; include_categories=&#8221;all&#8221; _builder_version=&#8221;4.25.2&#8243; _module_preset=&#8221;default&#8221; global_colors_info=&#8221;{}&#8221;][\/et_pb_post_slider][\/et_pb_column][\/et_pb_row][\/et_pb_section][et_pb_section fb_built=&#8221;1&#8243; fullwidth=&#8221;on&#8221; _builder_version=&#8221;4.25.2&#8243; _module_preset=&#8221;default&#8221; global_colors_info=&#8221;{}&#8221;][\/et_pb_section]<\/p>\n","protected":false},"excerpt":{"rendered":"<p>Rozwi\u0105zania szyte na miar\u0119 Twojego biznesuZyskaj wi\u0119cej w swoim biznesie &#8211; pozw\u00f3l nam przyjrze\u0107 si\u0119, przeanalizowa\u0107 i znale\u017a\u0107 zasoby tam, gdzie inni ich nie dostrzegaj\u0105. Nasz\u0105 moc\u0105 jest elastyczno\u015b\u0107 &#8211; stworzymy rozwi\u0105zania, nie u\u017cyjemy gotowych. Potrzebujesz analizy? Nie umknie nam najdrobniejszy szczeg\u00f3\u0142. Nie wiesz, w kt\u00f3rym kierunku i\u015b\u0107 dalej? Skorzystaj z us\u0142ugi doradztwa. Potrzebujesz przeszkoli\u0107 [&hellip;]<\/p>\n","protected":false},"author":1,"featured_media":0,"parent":0,"menu_order":0,"comment_status":"closed","ping_status":"closed","template":"","meta":{"_et_pb_use_builder":"on","_et_pb_old_content":"","_et_gb_content_width":"","footnotes":""},"class_list":["post-20","page","type-page","status-publish","hentry"],"_links":{"self":[{"href":"https:\/\/upconsulting.com.pl\/index.php\/wp-json\/wp\/v2\/pages\/20","targetHints":{"allow":["GET"]}}],"collection":[{"href":"https:\/\/upconsulting.com.pl\/index.php\/wp-json\/wp\/v2\/pages"}],"about":[{"href":"https:\/\/upconsulting.com.pl\/index.php\/wp-json\/wp\/v2\/types\/page"}],"author":[{"embeddable":true,"href":"https:\/\/upconsulting.com.pl\/index.php\/wp-json\/wp\/v2\/users\/1"}],"replies":[{"embeddable":true,"href":"https:\/\/upconsulting.com.pl\/index.php\/wp-json\/wp\/v2\/comments?post=20"}],"version-history":[{"count":32,"href":"https:\/\/upconsulting.com.pl\/index.php\/wp-json\/wp\/v2\/pages\/20\/revisions"}],"predecessor-version":[{"id":155,"href":"https:\/\/upconsulting.com.pl\/index.php\/wp-json\/wp\/v2\/pages\/20\/revisions\/155"}],"wp:attachment":[{"href":"https:\/\/upconsulting.com.pl\/index.php\/wp-json\/wp\/v2\/media?parent=20"}],"curies":[{"name":"wp","href":"https:\/\/api.w.org\/{rel}","templated":true}]}}